{"id":203,"date":"2020-08-14T08:25:51","date_gmt":"2020-08-14T08:25:51","guid":{"rendered":"https:\/\/kita-padenstedt.de\/?page_id=203"},"modified":"2026-03-12T09:05:12","modified_gmt":"2026-03-12T08:05:12","slug":"termine","status":"publish","type":"page","link":"https:\/\/kita-padenstedt.de\/index.php\/termine\/","title":{"rendered":"Termine"},"content":{"rendered":"<p><strong>Termine 2025\/2026<\/strong><\/p>\n<p>08.09&nbsp; &nbsp; &nbsp; &nbsp; &nbsp; &nbsp; &nbsp; &nbsp; &nbsp; &nbsp; &nbsp;<strong>Kita-Start<\/strong><\/p>\n<p>17.09&nbsp; &nbsp; &nbsp; &nbsp; &nbsp; &nbsp; &nbsp; &nbsp; &nbsp; &nbsp; &nbsp;Elternabend, vorher Vorschulelternabend<\/p>\n<p>05.11&nbsp; &nbsp; &nbsp; &nbsp; &nbsp; &nbsp; &nbsp; &nbsp; &nbsp; &nbsp; &nbsp;Kita-Elternbeirat<\/p>\n<p>12.11&nbsp; &nbsp; &nbsp; &nbsp; &nbsp; &nbsp; &nbsp; &nbsp; &nbsp; &nbsp; &nbsp;Lichterfest 16 &#8211; 17:30<\/p>\n<p>folgt&nbsp; &nbsp; &nbsp; &nbsp; &nbsp; &nbsp; &nbsp; &nbsp; &nbsp; &nbsp; &nbsp; Nikolaus-Fr\u00fchst\u00fcck<\/p>\n<p>21.,22. u. 23.12&nbsp; &nbsp; <strong>Br\u00fcckentage \/eingeschr\u00e4nkte Betreuung nach tats\u00e4chlichem Bedarf<\/strong><\/p>\n<p>24.12 &#8211; 1.1.26&nbsp; &nbsp; &nbsp; Weihnachtsferien &#8211; <strong>die Kita hat geschlossen<\/strong><\/p>\n<p>02.01.26&nbsp; &nbsp; &nbsp; &nbsp; &nbsp; &nbsp; &nbsp; <strong>Br\u00fcckentag \/eingeschr\u00e4nkte Betreuung nach tats\u00e4chlichem Bedarf<\/strong><\/p>\n<p>13.02.26&nbsp; &nbsp; &nbsp; &nbsp; &nbsp; &nbsp; &nbsp; &nbsp; Fasching<\/p>\n<p>folgt&nbsp; &nbsp; &nbsp; &nbsp; &nbsp; &nbsp; &nbsp; &nbsp; &nbsp; &nbsp; &nbsp;1. Hilfe f\u00fcr die Vorschulf\u00fcchse<\/p>\n<p>folgt &nbsp; &nbsp; &nbsp; &nbsp; &nbsp; &nbsp; &nbsp; &nbsp; &nbsp; &nbsp; Busschule f\u00fcr die Vorschulf\u00fcchse<\/p>\n<p>folgt &nbsp; &nbsp; &nbsp; &nbsp; &nbsp; &nbsp; &nbsp; &nbsp; &nbsp; &nbsp; Brandschutzerziehung<\/p>\n<p>30.04&nbsp; &nbsp; &nbsp; &nbsp; &nbsp; &nbsp; &nbsp; &nbsp; &nbsp; &nbsp; &nbsp;Fr\u00fchlingsfr\u00fchst\u00fcck<\/p>\n<p>25.04&nbsp; &nbsp; &nbsp; &nbsp; &nbsp; &nbsp; &nbsp; &nbsp; &nbsp; &nbsp; &nbsp;gemeinsamer Gartentag<\/p>\n<p>15.05.26&nbsp; &nbsp; &nbsp; &nbsp; &nbsp; &nbsp; &nbsp; <strong>Br\u00fcckentag \/eingeschr\u00e4nkte Betreuung nach tats\u00e4chlichem Bedarf<\/strong><\/p>\n<p>15.06+ 16.06&nbsp; &nbsp; &nbsp; Zahnputzfee<\/p>\n<p>folgt&nbsp; &nbsp; &nbsp; &nbsp; &nbsp; &nbsp; &nbsp; &nbsp; &nbsp; &nbsp; Fotograf<\/p>\n<p>folgt&nbsp; &nbsp; &nbsp; &nbsp; &nbsp; &nbsp; &nbsp; &nbsp; &nbsp; &nbsp; Sommerfest<\/p>\n<p>26.06.26&nbsp; &nbsp; &nbsp; &nbsp; &nbsp; &nbsp; &nbsp; Schuli-\u00dcbernachtung ab 18 Uhr<\/p>\n<p>03.07.26&nbsp; &nbsp; &nbsp; &nbsp; &nbsp; &nbsp; &nbsp; Schuli-Rauswurf 11:30<\/p>\n<p>24.07&nbsp; &nbsp; &nbsp; &nbsp; &nbsp; &nbsp; &nbsp; &nbsp; &nbsp; &nbsp;letzter Kita-Tag<\/p>\n<p>27.07-14.08&nbsp; Sommerschlie\u00dfzeit &#8211; <strong>die Kita hat geschlossen<\/strong><\/p>\n<p>17.08.2026&nbsp; &nbsp; &nbsp; &nbsp; &nbsp; <strong>&nbsp; &nbsp;Kita Start<\/strong><\/p>\n","protected":false},"excerpt":{"rendered":"<p>Termine 2025\/2026 08.09&nbsp; &nbsp; &nbsp; &nbsp; &nbsp; &nbsp; &nbsp; &nbsp; &nbsp; &nbsp; &nbsp;Kita-Start 17.09&nbsp; &nbsp; &nbsp; &nbsp; &nbsp; &nbsp; &nbsp; &nbsp; &nbsp; &nbsp; &nbsp;Elternabend, vorher Vorschulelternabend 05.11&nbsp; &nbsp; &nbsp; &nbsp; &nbsp; &nbsp; &nbsp; &nbsp; &nbsp; &nbsp; &nbsp;Kita-Elternbeirat 12.11&nbsp; &nbsp; &nbsp; &nbsp; &nbsp; &nbsp; &nbsp; &nbsp; &nbsp; &nbsp; &nbsp;Lichterfest 16 &#8211; 17:30 folgt&nbsp; &nbsp; &nbsp; &nbsp; &#8230; <a title=\"Termine\" class=\"read-more\" href=\"https:\/\/kita-padenstedt.de\/index.php\/termine\/\">Weiterlesen &#8230;<\/a><\/p>\n","protected":false},"author":2,"featured_media":0,"parent":0,"menu_order":0,"comment_status":"closed","ping_status":"closed","template":"","meta":{"ngg_post_thumbnail":0,"footnotes":""},"class_list":["post-203","page","type-page","status-publish"],"yoast_head":"<!-- This site is optimized with the Yoast SEO plugin v25.6 - https:\/\/yoast.com\/wordpress\/plugins\/seo\/ -->\n<title>Termine - Kita Padenstedt<\/title>\n<meta name=\"robots\" content=\"index, follow, max-snippet:-1, max-image-preview:large, max-video-preview:-1\" \/>\n<link rel=\"canonical\" href=\"https:\/\/kita-padenstedt.de\/index.php\/termine\/\" \/>\n<meta property=\"og:locale\" content=\"de_DE\" \/>\n<meta property=\"og:type\" content=\"article\" \/>\n<meta property=\"og:title\" content=\"Termine - Kita Padenstedt\" \/>\n<meta property=\"og:description\" content=\"Termine 2025\/2026 08.09&nbsp; &nbsp; &nbsp; &nbsp; &nbsp; &nbsp; &nbsp; &nbsp; &nbsp; &nbsp; &nbsp;Kita-Start 17.09&nbsp; &nbsp; &nbsp; &nbsp; &nbsp; &nbsp; &nbsp; &nbsp; &nbsp; &nbsp; &nbsp;Elternabend, vorher Vorschulelternabend 05.11&nbsp; &nbsp; &nbsp; &nbsp; &nbsp; &nbsp; &nbsp; &nbsp; &nbsp; &nbsp; &nbsp;Kita-Elternbeirat 12.11&nbsp; &nbsp; &nbsp; &nbsp; &nbsp; &nbsp; &nbsp; &nbsp; &nbsp; &nbsp; &nbsp;Lichterfest 16 &#8211; 17:30 folgt&nbsp; &nbsp; &nbsp; &nbsp; ... Weiterlesen ...\" \/>\n<meta property=\"og:url\" content=\"https:\/\/kita-padenstedt.de\/index.php\/termine\/\" \/>\n<meta property=\"og:site_name\" content=\"Kita Padenstedt\" \/>\n<meta property=\"article:modified_time\" content=\"2026-03-12T08:05:12+00:00\" \/>\n<meta name=\"twitter:card\" content=\"summary_large_image\" \/>\n<meta name=\"twitter:label1\" content=\"Gesch\u00e4tzte Lesezeit\" \/>\n\t<meta name=\"twitter:data1\" content=\"1\u00a0Minute\" \/>\n<script type=\"application\/ld+json\" class=\"yoast-schema-graph\">{\"@context\":\"https:\/\/schema.org\",\"@graph\":[{\"@type\":\"WebPage\",\"@id\":\"https:\/\/kita-padenstedt.de\/index.php\/termine\/\",\"url\":\"https:\/\/kita-padenstedt.de\/index.php\/termine\/\",\"name\":\"Termine - Kita Padenstedt\",\"isPartOf\":{\"@id\":\"https:\/\/kita-padenstedt.de\/#website\"},\"datePublished\":\"2020-08-14T08:25:51+00:00\",\"dateModified\":\"2026-03-12T08:05:12+00:00\",\"breadcrumb\":{\"@id\":\"https:\/\/kita-padenstedt.de\/index.php\/termine\/#breadcrumb\"},\"inLanguage\":\"de\",\"potentialAction\":[{\"@type\":\"ReadAction\",\"target\":[\"https:\/\/kita-padenstedt.de\/index.php\/termine\/\"]}]},{\"@type\":\"BreadcrumbList\",\"@id\":\"https:\/\/kita-padenstedt.de\/index.php\/termine\/#breadcrumb\",\"itemListElement\":[{\"@type\":\"ListItem\",\"position\":1,\"name\":\"Startseite\",\"item\":\"https:\/\/kita-padenstedt.de\/\"},{\"@type\":\"ListItem\",\"position\":2,\"name\":\"Termine\"}]},{\"@type\":\"WebSite\",\"@id\":\"https:\/\/kita-padenstedt.de\/#website\",\"url\":\"https:\/\/kita-padenstedt.de\/\",\"name\":\"Kita Padenstedt\",\"description\":\"Kita Padenstedt\",\"publisher\":{\"@id\":\"https:\/\/kita-padenstedt.de\/#organization\"},\"potentialAction\":[{\"@type\":\"SearchAction\",\"target\":{\"@type\":\"EntryPoint\",\"urlTemplate\":\"https:\/\/kita-padenstedt.de\/?s={search_term_string}\"},\"query-input\":{\"@type\":\"PropertyValueSpecification\",\"valueRequired\":true,\"valueName\":\"search_term_string\"}}],\"inLanguage\":\"de\"},{\"@type\":\"Organization\",\"@id\":\"https:\/\/kita-padenstedt.de\/#organization\",\"name\":\"Kita Padenstedt\",\"url\":\"https:\/\/kita-padenstedt.de\/\",\"logo\":{\"@type\":\"ImageObject\",\"inLanguage\":\"de\",\"@id\":\"https:\/\/kita-padenstedt.de\/#\/schema\/logo\/image\/\",\"url\":\"https:\/\/kita-padenstedt.de\/wp-content\/uploads\/2020\/09\/logo_padenstedt-1.png\",\"contentUrl\":\"https:\/\/kita-padenstedt.de\/wp-content\/uploads\/2020\/09\/logo_padenstedt-1.png\",\"width\":1067,\"height\":177,\"caption\":\"Kita Padenstedt\"},\"image\":{\"@id\":\"https:\/\/kita-padenstedt.de\/#\/schema\/logo\/image\/\"}}]}<\/script>\n<!-- \/ Yoast SEO plugin. -->","yoast_head_json":{"title":"Termine - Kita Padenstedt","robots":{"index":"index","follow":"follow","max-snippet":"max-snippet:-1","max-image-preview":"max-image-preview:large","max-video-preview":"max-video-preview:-1"},"canonical":"https:\/\/kita-padenstedt.de\/index.php\/termine\/","og_locale":"de_DE","og_type":"article","og_title":"Termine - Kita Padenstedt","og_description":"Termine 2025\/2026 08.09&nbsp; &nbsp; &nbsp; &nbsp; &nbsp; &nbsp; &nbsp; &nbsp; &nbsp; &nbsp; &nbsp;Kita-Start 17.09&nbsp; &nbsp; &nbsp; &nbsp; &nbsp; &nbsp; &nbsp; &nbsp; &nbsp; &nbsp; &nbsp;Elternabend, vorher Vorschulelternabend 05.11&nbsp; &nbsp; &nbsp; &nbsp; &nbsp; &nbsp; &nbsp; &nbsp; &nbsp; &nbsp; &nbsp;Kita-Elternbeirat 12.11&nbsp; &nbsp; &nbsp; &nbsp; &nbsp; &nbsp; &nbsp; &nbsp; &nbsp; &nbsp; &nbsp;Lichterfest 16 &#8211; 17:30 folgt&nbsp; &nbsp; &nbsp; &nbsp; ... Weiterlesen ...","og_url":"https:\/\/kita-padenstedt.de\/index.php\/termine\/","og_site_name":"Kita Padenstedt","article_modified_time":"2026-03-12T08:05:12+00:00","twitter_card":"summary_large_image","twitter_misc":{"Gesch\u00e4tzte Lesezeit":"1\u00a0Minute"},"schema":{"@context":"https:\/\/schema.org","@graph":[{"@type":"WebPage","@id":"https:\/\/kita-padenstedt.de\/index.php\/termine\/","url":"https:\/\/kita-padenstedt.de\/index.php\/termine\/","name":"Termine - Kita Padenstedt","isPartOf":{"@id":"https:\/\/kita-padenstedt.de\/#website"},"datePublished":"2020-08-14T08:25:51+00:00","dateModified":"2026-03-12T08:05:12+00:00","breadcrumb":{"@id":"https:\/\/kita-padenstedt.de\/index.php\/termine\/#breadcrumb"},"inLanguage":"de","potentialAction":[{"@type":"ReadAction","target":["https:\/\/kita-padenstedt.de\/index.php\/termine\/"]}]},{"@type":"BreadcrumbList","@id":"https:\/\/kita-padenstedt.de\/index.php\/termine\/#breadcrumb","itemListElement":[{"@type":"ListItem","position":1,"name":"Startseite","item":"https:\/\/kita-padenstedt.de\/"},{"@type":"ListItem","position":2,"name":"Termine"}]},{"@type":"WebSite","@id":"https:\/\/kita-padenstedt.de\/#website","url":"https:\/\/kita-padenstedt.de\/","name":"Kita Padenstedt","description":"Kita Padenstedt","publisher":{"@id":"https:\/\/kita-padenstedt.de\/#organization"},"potentialAction":[{"@type":"SearchAction","target":{"@type":"EntryPoint","urlTemplate":"https:\/\/kita-padenstedt.de\/?s={search_term_string}"},"query-input":{"@type":"PropertyValueSpecification","valueRequired":true,"valueName":"search_term_string"}}],"inLanguage":"de"},{"@type":"Organization","@id":"https:\/\/kita-padenstedt.de\/#organization","name":"Kita Padenstedt","url":"https:\/\/kita-padenstedt.de\/","logo":{"@type":"ImageObject","inLanguage":"de","@id":"https:\/\/kita-padenstedt.de\/#\/schema\/logo\/image\/","url":"https:\/\/kita-padenstedt.de\/wp-content\/uploads\/2020\/09\/logo_padenstedt-1.png","contentUrl":"https:\/\/kita-padenstedt.de\/wp-content\/uploads\/2020\/09\/logo_padenstedt-1.png","width":1067,"height":177,"caption":"Kita Padenstedt"},"image":{"@id":"https:\/\/kita-padenstedt.de\/#\/schema\/logo\/image\/"}}]}},"_links":{"self":[{"href":"https:\/\/kita-padenstedt.de\/index.php\/wp-json\/wp\/v2\/pages\/203"}],"collection":[{"href":"https:\/\/kita-padenstedt.de\/index.php\/wp-json\/wp\/v2\/pages"}],"about":[{"href":"https:\/\/kita-padenstedt.de\/index.php\/wp-json\/wp\/v2\/types\/page"}],"author":[{"embeddable":true,"href":"https:\/\/kita-padenstedt.de\/index.php\/wp-json\/wp\/v2\/users\/2"}],"replies":[{"embeddable":true,"href":"https:\/\/kita-padenstedt.de\/index.php\/wp-json\/wp\/v2\/comments?post=203"}],"version-history":[{"count":55,"href":"https:\/\/kita-padenstedt.de\/index.php\/wp-json\/wp\/v2\/pages\/203\/revisions"}],"predecessor-version":[{"id":1229,"href":"https:\/\/kita-padenstedt.de\/index.php\/wp-json\/wp\/v2\/pages\/203\/revisions\/1229"}],"wp:attachment":[{"href":"https:\/\/kita-padenstedt.de\/index.php\/wp-json\/wp\/v2\/media?parent=203"}],"curies":[{"name":"wp","href":"https:\/\/api.w.org\/{rel}","templated":true}]}}