{"id":284,"date":"2020-08-20T14:40:50","date_gmt":"2020-08-20T14:40:50","guid":{"rendered":"https:\/\/kita-padenstedt.de\/?page_id=284"},"modified":"2024-09-19T12:05:28","modified_gmt":"2024-09-19T10:05:28","slug":"rabengruppe","status":"publish","type":"page","link":"https:\/\/kita-padenstedt.de\/index.php\/rabengruppe\/","title":{"rendered":"Rabengruppe"},"content":{"rendered":"<p>&nbsp;<\/p>\n<p><img loading=\"lazy\" decoding=\"async\" class=\"size-medium wp-image-1008 aligncenter\" src=\"https:\/\/kita-padenstedt.de\/wp-content\/uploads\/2023\/03\/RabenGruppenfoto-225x300.jpg\" alt=\"\" width=\"225\" height=\"300\" srcset=\"https:\/\/kita-padenstedt.de\/wp-content\/uploads\/2023\/03\/RabenGruppenfoto-225x300.jpg 225w, https:\/\/kita-padenstedt.de\/wp-content\/uploads\/2023\/03\/RabenGruppenfoto-768x1024.jpg 768w, https:\/\/kita-padenstedt.de\/wp-content\/uploads\/2023\/03\/RabenGruppenfoto-1152x1536.jpg 1152w, https:\/\/kita-padenstedt.de\/wp-content\/uploads\/2023\/03\/RabenGruppenfoto-1536x2048.jpg 1536w, https:\/\/kita-padenstedt.de\/wp-content\/uploads\/2023\/03\/RabenGruppenfoto-scaled.jpg 1920w\" sizes=\"(max-width: 225px) 100vw, 225px\" \/><\/p>\n<p>Spielen &amp; spielen lassen&#8230;<\/p>\n<p>Singen &amp; basteln&#8230;<\/p>\n<p>Zusammen sein &amp; Freunde finden&#8230;<\/p>\n<p>&#8230; das alles kannst du bei uns in der Rabengruppe.<\/p>\n<p>In unserer Gruppen begleiten wir euch beim offenen Fr\u00fchst\u00fcck. Wie und warum, das erf\u00e4hrst du auf dem n\u00e4chsten Bild:<\/p>\n<p><img loading=\"lazy\" decoding=\"async\" class=\"alignnone size-medium wp-image-1086\" src=\"https:\/\/kita-padenstedt.de\/wp-content\/uploads\/2023\/11\/offenesFruehstueckRaben-300x225.jpg\" alt=\"\" width=\"300\" height=\"225\" srcset=\"https:\/\/kita-padenstedt.de\/wp-content\/uploads\/2023\/11\/offenesFruehstueckRaben-300x225.jpg 300w, https:\/\/kita-padenstedt.de\/wp-content\/uploads\/2023\/11\/offenesFruehstueckRaben-1024x768.jpg 1024w, https:\/\/kita-padenstedt.de\/wp-content\/uploads\/2023\/11\/offenesFruehstueckRaben-768x576.jpg 768w, https:\/\/kita-padenstedt.de\/wp-content\/uploads\/2023\/11\/offenesFruehstueckRaben-1536x1152.jpg 1536w, https:\/\/kita-padenstedt.de\/wp-content\/uploads\/2023\/11\/offenesFruehstueckRaben.jpg 1600w\" sizes=\"(max-width: 300px) 100vw, 300px\" \/><\/p>\n<p style=\"text-align: center;\">Wir freuen uns auf Dich!<\/p>\n<p style=\"text-align: center;\">Claudia und Astrid<\/p>\n<p>&nbsp;<\/p>\n<p>&nbsp;<\/p>\n","protected":false},"excerpt":{"rendered":"<p>&nbsp; Spielen &amp; spielen lassen&#8230; Singen &amp; basteln&#8230; Zusammen sein &amp; Freunde finden&#8230; &#8230; das alles kannst du bei uns in der Rabengruppe. In unserer Gruppen begleiten wir euch beim offenen Fr\u00fchst\u00fcck. Wie und warum, das erf\u00e4hrst du auf dem n\u00e4chsten Bild: Wir freuen uns auf Dich! Claudia und Astrid &nbsp; &nbsp;<\/p>\n","protected":false},"author":2,"featured_media":0,"parent":0,"menu_order":0,"comment_status":"closed","ping_status":"closed","template":"","meta":{"ngg_post_thumbnail":0,"footnotes":""},"class_list":["post-284","page","type-page","status-publish"],"yoast_head":"<!-- This site is optimized with the Yoast SEO plugin v25.6 - https:\/\/yoast.com\/wordpress\/plugins\/seo\/ -->\n<title>Rabengruppe - Kita Padenstedt<\/title>\n<meta name=\"robots\" content=\"index, follow, max-snippet:-1, max-image-preview:large, max-video-preview:-1\" \/>\n<link rel=\"canonical\" href=\"https:\/\/kita-padenstedt.de\/index.php\/rabengruppe\/\" \/>\n<meta property=\"og:locale\" content=\"de_DE\" \/>\n<meta property=\"og:type\" content=\"article\" \/>\n<meta property=\"og:title\" content=\"Rabengruppe - Kita Padenstedt\" \/>\n<meta property=\"og:description\" content=\"&nbsp; Spielen &amp; spielen lassen&#8230; Singen &amp; basteln&#8230; Zusammen sein &amp; Freunde finden&#8230; &#8230; das alles kannst du bei uns in der Rabengruppe. In unserer Gruppen begleiten wir euch beim offenen Fr\u00fchst\u00fcck. Wie und warum, das erf\u00e4hrst du auf dem n\u00e4chsten Bild: Wir freuen uns auf Dich! Claudia und Astrid &nbsp; &nbsp;\" \/>\n<meta property=\"og:url\" content=\"https:\/\/kita-padenstedt.de\/index.php\/rabengruppe\/\" \/>\n<meta property=\"og:site_name\" content=\"Kita Padenstedt\" \/>\n<meta property=\"article:modified_time\" content=\"2024-09-19T10:05:28+00:00\" \/>\n<meta property=\"og:image\" content=\"https:\/\/kita-padenstedt.de\/wp-content\/uploads\/2023\/03\/RabenGruppenfoto-225x300.jpg\" \/>\n<meta name=\"twitter:card\" content=\"summary_large_image\" \/>\n<meta name=\"twitter:label1\" content=\"Gesch\u00e4tzte Lesezeit\" \/>\n\t<meta name=\"twitter:data1\" content=\"1\u00a0Minute\" \/>\n<script type=\"application\/ld+json\" class=\"yoast-schema-graph\">{\"@context\":\"https:\/\/schema.org\",\"@graph\":[{\"@type\":\"WebPage\",\"@id\":\"https:\/\/kita-padenstedt.de\/index.php\/rabengruppe\/\",\"url\":\"https:\/\/kita-padenstedt.de\/index.php\/rabengruppe\/\",\"name\":\"Rabengruppe - Kita Padenstedt\",\"isPartOf\":{\"@id\":\"https:\/\/kita-padenstedt.de\/#website\"},\"primaryImageOfPage\":{\"@id\":\"https:\/\/kita-padenstedt.de\/index.php\/rabengruppe\/#primaryimage\"},\"image\":{\"@id\":\"https:\/\/kita-padenstedt.de\/index.php\/rabengruppe\/#primaryimage\"},\"thumbnailUrl\":\"https:\/\/kita-padenstedt.de\/wp-content\/uploads\/2023\/03\/RabenGruppenfoto-225x300.jpg\",\"datePublished\":\"2020-08-20T14:40:50+00:00\",\"dateModified\":\"2024-09-19T10:05:28+00:00\",\"breadcrumb\":{\"@id\":\"https:\/\/kita-padenstedt.de\/index.php\/rabengruppe\/#breadcrumb\"},\"inLanguage\":\"de\",\"potentialAction\":[{\"@type\":\"ReadAction\",\"target\":[\"https:\/\/kita-padenstedt.de\/index.php\/rabengruppe\/\"]}]},{\"@type\":\"ImageObject\",\"inLanguage\":\"de\",\"@id\":\"https:\/\/kita-padenstedt.de\/index.php\/rabengruppe\/#primaryimage\",\"url\":\"https:\/\/kita-padenstedt.de\/wp-content\/uploads\/2023\/03\/RabenGruppenfoto-scaled.jpg\",\"contentUrl\":\"https:\/\/kita-padenstedt.de\/wp-content\/uploads\/2023\/03\/RabenGruppenfoto-scaled.jpg\",\"width\":1920,\"height\":2560},{\"@type\":\"BreadcrumbList\",\"@id\":\"https:\/\/kita-padenstedt.de\/index.php\/rabengruppe\/#breadcrumb\",\"itemListElement\":[{\"@type\":\"ListItem\",\"position\":1,\"name\":\"Startseite\",\"item\":\"https:\/\/kita-padenstedt.de\/\"},{\"@type\":\"ListItem\",\"position\":2,\"name\":\"Rabengruppe\"}]},{\"@type\":\"WebSite\",\"@id\":\"https:\/\/kita-padenstedt.de\/#website\",\"url\":\"https:\/\/kita-padenstedt.de\/\",\"name\":\"Kita Padenstedt\",\"description\":\"Kita Padenstedt\",\"publisher\":{\"@id\":\"https:\/\/kita-padenstedt.de\/#organization\"},\"potentialAction\":[{\"@type\":\"SearchAction\",\"target\":{\"@type\":\"EntryPoint\",\"urlTemplate\":\"https:\/\/kita-padenstedt.de\/?s={search_term_string}\"},\"query-input\":{\"@type\":\"PropertyValueSpecification\",\"valueRequired\":true,\"valueName\":\"search_term_string\"}}],\"inLanguage\":\"de\"},{\"@type\":\"Organization\",\"@id\":\"https:\/\/kita-padenstedt.de\/#organization\",\"name\":\"Kita Padenstedt\",\"url\":\"https:\/\/kita-padenstedt.de\/\",\"logo\":{\"@type\":\"ImageObject\",\"inLanguage\":\"de\",\"@id\":\"https:\/\/kita-padenstedt.de\/#\/schema\/logo\/image\/\",\"url\":\"https:\/\/kita-padenstedt.de\/wp-content\/uploads\/2020\/09\/logo_padenstedt-1.png\",\"contentUrl\":\"https:\/\/kita-padenstedt.de\/wp-content\/uploads\/2020\/09\/logo_padenstedt-1.png\",\"width\":1067,\"height\":177,\"caption\":\"Kita Padenstedt\"},\"image\":{\"@id\":\"https:\/\/kita-padenstedt.de\/#\/schema\/logo\/image\/\"}}]}<\/script>\n<!-- \/ Yoast SEO plugin. -->","yoast_head_json":{"title":"Rabengruppe - Kita Padenstedt","robots":{"index":"index","follow":"follow","max-snippet":"max-snippet:-1","max-image-preview":"max-image-preview:large","max-video-preview":"max-video-preview:-1"},"canonical":"https:\/\/kita-padenstedt.de\/index.php\/rabengruppe\/","og_locale":"de_DE","og_type":"article","og_title":"Rabengruppe - Kita Padenstedt","og_description":"&nbsp; Spielen &amp; spielen lassen&#8230; Singen &amp; basteln&#8230; Zusammen sein &amp; Freunde finden&#8230; &#8230; das alles kannst du bei uns in der Rabengruppe. In unserer Gruppen begleiten wir euch beim offenen Fr\u00fchst\u00fcck. Wie und warum, das erf\u00e4hrst du auf dem n\u00e4chsten Bild: Wir freuen uns auf Dich! Claudia und Astrid &nbsp; &nbsp;","og_url":"https:\/\/kita-padenstedt.de\/index.php\/rabengruppe\/","og_site_name":"Kita Padenstedt","article_modified_time":"2024-09-19T10:05:28+00:00","og_image":[{"url":"https:\/\/kita-padenstedt.de\/wp-content\/uploads\/2023\/03\/RabenGruppenfoto-225x300.jpg","type":"","width":"","height":""}],"twitter_card":"summary_large_image","twitter_misc":{"Gesch\u00e4tzte Lesezeit":"1\u00a0Minute"},"schema":{"@context":"https:\/\/schema.org","@graph":[{"@type":"WebPage","@id":"https:\/\/kita-padenstedt.de\/index.php\/rabengruppe\/","url":"https:\/\/kita-padenstedt.de\/index.php\/rabengruppe\/","name":"Rabengruppe - Kita Padenstedt","isPartOf":{"@id":"https:\/\/kita-padenstedt.de\/#website"},"primaryImageOfPage":{"@id":"https:\/\/kita-padenstedt.de\/index.php\/rabengruppe\/#primaryimage"},"image":{"@id":"https:\/\/kita-padenstedt.de\/index.php\/rabengruppe\/#primaryimage"},"thumbnailUrl":"https:\/\/kita-padenstedt.de\/wp-content\/uploads\/2023\/03\/RabenGruppenfoto-225x300.jpg","datePublished":"2020-08-20T14:40:50+00:00","dateModified":"2024-09-19T10:05:28+00:00","breadcrumb":{"@id":"https:\/\/kita-padenstedt.de\/index.php\/rabengruppe\/#breadcrumb"},"inLanguage":"de","potentialAction":[{"@type":"ReadAction","target":["https:\/\/kita-padenstedt.de\/index.php\/rabengruppe\/"]}]},{"@type":"ImageObject","inLanguage":"de","@id":"https:\/\/kita-padenstedt.de\/index.php\/rabengruppe\/#primaryimage","url":"https:\/\/kita-padenstedt.de\/wp-content\/uploads\/2023\/03\/RabenGruppenfoto-scaled.jpg","contentUrl":"https:\/\/kita-padenstedt.de\/wp-content\/uploads\/2023\/03\/RabenGruppenfoto-scaled.jpg","width":1920,"height":2560},{"@type":"BreadcrumbList","@id":"https:\/\/kita-padenstedt.de\/index.php\/rabengruppe\/#breadcrumb","itemListElement":[{"@type":"ListItem","position":1,"name":"Startseite","item":"https:\/\/kita-padenstedt.de\/"},{"@type":"ListItem","position":2,"name":"Rabengruppe"}]},{"@type":"WebSite","@id":"https:\/\/kita-padenstedt.de\/#website","url":"https:\/\/kita-padenstedt.de\/","name":"Kita Padenstedt","description":"Kita Padenstedt","publisher":{"@id":"https:\/\/kita-padenstedt.de\/#organization"},"potentialAction":[{"@type":"SearchAction","target":{"@type":"EntryPoint","urlTemplate":"https:\/\/kita-padenstedt.de\/?s={search_term_string}"},"query-input":{"@type":"PropertyValueSpecification","valueRequired":true,"valueName":"search_term_string"}}],"inLanguage":"de"},{"@type":"Organization","@id":"https:\/\/kita-padenstedt.de\/#organization","name":"Kita Padenstedt","url":"https:\/\/kita-padenstedt.de\/","logo":{"@type":"ImageObject","inLanguage":"de","@id":"https:\/\/kita-padenstedt.de\/#\/schema\/logo\/image\/","url":"https:\/\/kita-padenstedt.de\/wp-content\/uploads\/2020\/09\/logo_padenstedt-1.png","contentUrl":"https:\/\/kita-padenstedt.de\/wp-content\/uploads\/2020\/09\/logo_padenstedt-1.png","width":1067,"height":177,"caption":"Kita Padenstedt"},"image":{"@id":"https:\/\/kita-padenstedt.de\/#\/schema\/logo\/image\/"}}]}},"_links":{"self":[{"href":"https:\/\/kita-padenstedt.de\/index.php\/wp-json\/wp\/v2\/pages\/284"}],"collection":[{"href":"https:\/\/kita-padenstedt.de\/index.php\/wp-json\/wp\/v2\/pages"}],"about":[{"href":"https:\/\/kita-padenstedt.de\/index.php\/wp-json\/wp\/v2\/types\/page"}],"author":[{"embeddable":true,"href":"https:\/\/kita-padenstedt.de\/index.php\/wp-json\/wp\/v2\/users\/2"}],"replies":[{"embeddable":true,"href":"https:\/\/kita-padenstedt.de\/index.php\/wp-json\/wp\/v2\/comments?post=284"}],"version-history":[{"count":19,"href":"https:\/\/kita-padenstedt.de\/index.php\/wp-json\/wp\/v2\/pages\/284\/revisions"}],"predecessor-version":[{"id":1178,"href":"https:\/\/kita-padenstedt.de\/index.php\/wp-json\/wp\/v2\/pages\/284\/revisions\/1178"}],"wp:attachment":[{"href":"https:\/\/kita-padenstedt.de\/index.php\/wp-json\/wp\/v2\/media?parent=284"}],"curies":[{"name":"wp","href":"https:\/\/api.w.org\/{rel}","templated":true}]}}