{"id":38,"date":"2020-04-26T11:28:46","date_gmt":"2020-04-26T11:28:46","guid":{"rendered":"https:\/\/kita-padenstedt.de\/wp\/?page_id=38"},"modified":"2021-12-03T10:15:50","modified_gmt":"2021-12-03T10:15:50","slug":"information","status":"publish","type":"page","link":"https:\/\/kita-padenstedt.de\/index.php\/information\/","title":{"rendered":"Informationen"},"content":{"rendered":"<p>Entstehung:<\/p>\n<p>Seit 2001 gibt es die Kindertagesst\u00e4tte Padenstedt, dessen Tr\u00e4gerschaft beim Schulverband Wasbek liegt. Urspr\u00fcnglich war diese Kita eine Au\u00dfenstelle der Kindertagesst\u00e4tte Wasbek. Im Jahr 2001 wurde die Einrichtung mit zwei Gruppen er\u00f6ffnet, ein Jahr sp\u00e4ter kam die dritte Elementargruppe dazu. Seit 2009 gibt eine vierte Gruppe zur Betreuung der unter dreij\u00e4hrigen Kinder (U3). Eine altersgemischte Gruppe (Kinder im Alter von 1 bis 6) gibt es seit September 2017. Seit 2004 ist die Au\u00dfenstelle Padenstedt eigenst\u00e4ndig.<\/p>\n","protected":false},"excerpt":{"rendered":"<p>Entstehung: Seit 2001 gibt es die Kindertagesst\u00e4tte Padenstedt, dessen Tr\u00e4gerschaft beim Schulverband Wasbek liegt. Urspr\u00fcnglich war diese Kita eine Au\u00dfenstelle der Kindertagesst\u00e4tte Wasbek. Im Jahr 2001 wurde die Einrichtung mit zwei Gruppen er\u00f6ffnet, ein Jahr sp\u00e4ter kam die dritte Elementargruppe dazu. Seit 2009 gibt eine vierte Gruppe zur Betreuung der unter dreij\u00e4hrigen Kinder (U3). Eine &#8230; <a title=\"Informationen\" class=\"read-more\" href=\"https:\/\/kita-padenstedt.de\/index.php\/information\/\">Weiterlesen &#8230;<\/a><\/p>\n","protected":false},"author":1,"featured_media":0,"parent":0,"menu_order":0,"comment_status":"closed","ping_status":"closed","template":"","meta":{"ngg_post_thumbnail":0,"footnotes":""},"class_list":["post-38","page","type-page","status-publish"],"yoast_head":"<!-- This site is optimized with the Yoast SEO plugin v25.6 - https:\/\/yoast.com\/wordpress\/plugins\/seo\/ -->\n<title>Informationen - Kita Padenstedt<\/title>\n<meta name=\"robots\" content=\"index, follow, max-snippet:-1, max-image-preview:large, max-video-preview:-1\" \/>\n<link rel=\"canonical\" href=\"https:\/\/kita-padenstedt.de\/index.php\/information\/\" \/>\n<meta property=\"og:locale\" content=\"de_DE\" \/>\n<meta property=\"og:type\" content=\"article\" \/>\n<meta property=\"og:title\" content=\"Informationen - Kita Padenstedt\" \/>\n<meta property=\"og:description\" content=\"Entstehung: Seit 2001 gibt es die Kindertagesst\u00e4tte Padenstedt, dessen Tr\u00e4gerschaft beim Schulverband Wasbek liegt. Urspr\u00fcnglich war diese Kita eine Au\u00dfenstelle der Kindertagesst\u00e4tte Wasbek. Im Jahr 2001 wurde die Einrichtung mit zwei Gruppen er\u00f6ffnet, ein Jahr sp\u00e4ter kam die dritte Elementargruppe dazu. Seit 2009 gibt eine vierte Gruppe zur Betreuung der unter dreij\u00e4hrigen Kinder (U3). Eine ... Weiterlesen ...\" \/>\n<meta property=\"og:url\" content=\"https:\/\/kita-padenstedt.de\/index.php\/information\/\" \/>\n<meta property=\"og:site_name\" content=\"Kita Padenstedt\" \/>\n<meta property=\"article:modified_time\" content=\"2021-12-03T10:15:50+00:00\" \/>\n<meta name=\"twitter:card\" content=\"summary_large_image\" \/>\n<script type=\"application\/ld+json\" class=\"yoast-schema-graph\">{\"@context\":\"https:\/\/schema.org\",\"@graph\":[{\"@type\":\"WebPage\",\"@id\":\"https:\/\/kita-padenstedt.de\/index.php\/information\/\",\"url\":\"https:\/\/kita-padenstedt.de\/index.php\/information\/\",\"name\":\"Informationen - Kita Padenstedt\",\"isPartOf\":{\"@id\":\"https:\/\/kita-padenstedt.de\/#website\"},\"datePublished\":\"2020-04-26T11:28:46+00:00\",\"dateModified\":\"2021-12-03T10:15:50+00:00\",\"breadcrumb\":{\"@id\":\"https:\/\/kita-padenstedt.de\/index.php\/information\/#breadcrumb\"},\"inLanguage\":\"de\",\"potentialAction\":[{\"@type\":\"ReadAction\",\"target\":[\"https:\/\/kita-padenstedt.de\/index.php\/information\/\"]}]},{\"@type\":\"BreadcrumbList\",\"@id\":\"https:\/\/kita-padenstedt.de\/index.php\/information\/#breadcrumb\",\"itemListElement\":[{\"@type\":\"ListItem\",\"position\":1,\"name\":\"Startseite\",\"item\":\"https:\/\/kita-padenstedt.de\/\"},{\"@type\":\"ListItem\",\"position\":2,\"name\":\"Informationen\"}]},{\"@type\":\"WebSite\",\"@id\":\"https:\/\/kita-padenstedt.de\/#website\",\"url\":\"https:\/\/kita-padenstedt.de\/\",\"name\":\"Kita Padenstedt\",\"description\":\"Kita Padenstedt\",\"publisher\":{\"@id\":\"https:\/\/kita-padenstedt.de\/#organization\"},\"potentialAction\":[{\"@type\":\"SearchAction\",\"target\":{\"@type\":\"EntryPoint\",\"urlTemplate\":\"https:\/\/kita-padenstedt.de\/?s={search_term_string}\"},\"query-input\":{\"@type\":\"PropertyValueSpecification\",\"valueRequired\":true,\"valueName\":\"search_term_string\"}}],\"inLanguage\":\"de\"},{\"@type\":\"Organization\",\"@id\":\"https:\/\/kita-padenstedt.de\/#organization\",\"name\":\"Kita Padenstedt\",\"url\":\"https:\/\/kita-padenstedt.de\/\",\"logo\":{\"@type\":\"ImageObject\",\"inLanguage\":\"de\",\"@id\":\"https:\/\/kita-padenstedt.de\/#\/schema\/logo\/image\/\",\"url\":\"https:\/\/kita-padenstedt.de\/wp-content\/uploads\/2020\/09\/logo_padenstedt-1.png\",\"contentUrl\":\"https:\/\/kita-padenstedt.de\/wp-content\/uploads\/2020\/09\/logo_padenstedt-1.png\",\"width\":1067,\"height\":177,\"caption\":\"Kita Padenstedt\"},\"image\":{\"@id\":\"https:\/\/kita-padenstedt.de\/#\/schema\/logo\/image\/\"}}]}<\/script>\n<!-- \/ Yoast SEO plugin. -->","yoast_head_json":{"title":"Informationen - Kita Padenstedt","robots":{"index":"index","follow":"follow","max-snippet":"max-snippet:-1","max-image-preview":"max-image-preview:large","max-video-preview":"max-video-preview:-1"},"canonical":"https:\/\/kita-padenstedt.de\/index.php\/information\/","og_locale":"de_DE","og_type":"article","og_title":"Informationen - Kita Padenstedt","og_description":"Entstehung: Seit 2001 gibt es die Kindertagesst\u00e4tte Padenstedt, dessen Tr\u00e4gerschaft beim Schulverband Wasbek liegt. Urspr\u00fcnglich war diese Kita eine Au\u00dfenstelle der Kindertagesst\u00e4tte Wasbek. Im Jahr 2001 wurde die Einrichtung mit zwei Gruppen er\u00f6ffnet, ein Jahr sp\u00e4ter kam die dritte Elementargruppe dazu. Seit 2009 gibt eine vierte Gruppe zur Betreuung der unter dreij\u00e4hrigen Kinder (U3). Eine ... Weiterlesen ...","og_url":"https:\/\/kita-padenstedt.de\/index.php\/information\/","og_site_name":"Kita Padenstedt","article_modified_time":"2021-12-03T10:15:50+00:00","twitter_card":"summary_large_image","schema":{"@context":"https:\/\/schema.org","@graph":[{"@type":"WebPage","@id":"https:\/\/kita-padenstedt.de\/index.php\/information\/","url":"https:\/\/kita-padenstedt.de\/index.php\/information\/","name":"Informationen - Kita Padenstedt","isPartOf":{"@id":"https:\/\/kita-padenstedt.de\/#website"},"datePublished":"2020-04-26T11:28:46+00:00","dateModified":"2021-12-03T10:15:50+00:00","breadcrumb":{"@id":"https:\/\/kita-padenstedt.de\/index.php\/information\/#breadcrumb"},"inLanguage":"de","potentialAction":[{"@type":"ReadAction","target":["https:\/\/kita-padenstedt.de\/index.php\/information\/"]}]},{"@type":"BreadcrumbList","@id":"https:\/\/kita-padenstedt.de\/index.php\/information\/#breadcrumb","itemListElement":[{"@type":"ListItem","position":1,"name":"Startseite","item":"https:\/\/kita-padenstedt.de\/"},{"@type":"ListItem","position":2,"name":"Informationen"}]},{"@type":"WebSite","@id":"https:\/\/kita-padenstedt.de\/#website","url":"https:\/\/kita-padenstedt.de\/","name":"Kita Padenstedt","description":"Kita Padenstedt","publisher":{"@id":"https:\/\/kita-padenstedt.de\/#organization"},"potentialAction":[{"@type":"SearchAction","target":{"@type":"EntryPoint","urlTemplate":"https:\/\/kita-padenstedt.de\/?s={search_term_string}"},"query-input":{"@type":"PropertyValueSpecification","valueRequired":true,"valueName":"search_term_string"}}],"inLanguage":"de"},{"@type":"Organization","@id":"https:\/\/kita-padenstedt.de\/#organization","name":"Kita Padenstedt","url":"https:\/\/kita-padenstedt.de\/","logo":{"@type":"ImageObject","inLanguage":"de","@id":"https:\/\/kita-padenstedt.de\/#\/schema\/logo\/image\/","url":"https:\/\/kita-padenstedt.de\/wp-content\/uploads\/2020\/09\/logo_padenstedt-1.png","contentUrl":"https:\/\/kita-padenstedt.de\/wp-content\/uploads\/2020\/09\/logo_padenstedt-1.png","width":1067,"height":177,"caption":"Kita Padenstedt"},"image":{"@id":"https:\/\/kita-padenstedt.de\/#\/schema\/logo\/image\/"}}]}},"_links":{"self":[{"href":"https:\/\/kita-padenstedt.de\/index.php\/wp-json\/wp\/v2\/pages\/38"}],"collection":[{"href":"https:\/\/kita-padenstedt.de\/index.php\/wp-json\/wp\/v2\/pages"}],"about":[{"href":"https:\/\/kita-padenstedt.de\/index.php\/wp-json\/wp\/v2\/types\/page"}],"author":[{"embeddable":true,"href":"https:\/\/kita-padenstedt.de\/index.php\/wp-json\/wp\/v2\/users\/1"}],"replies":[{"embeddable":true,"href":"https:\/\/kita-padenstedt.de\/index.php\/wp-json\/wp\/v2\/comments?post=38"}],"version-history":[{"count":11,"href":"https:\/\/kita-padenstedt.de\/index.php\/wp-json\/wp\/v2\/pages\/38\/revisions"}],"predecessor-version":[{"id":804,"href":"https:\/\/kita-padenstedt.de\/index.php\/wp-json\/wp\/v2\/pages\/38\/revisions\/804"}],"wp:attachment":[{"href":"https:\/\/kita-padenstedt.de\/index.php\/wp-json\/wp\/v2\/media?parent=38"}],"curies":[{"name":"wp","href":"https:\/\/api.w.org\/{rel}","templated":true}]}}